{"id":715,"date":"2021-12-21T16:07:01","date_gmt":"2021-12-21T15:07:01","guid":{"rendered":"https:\/\/rigbycapital.bien-fonde.com\/?page_id=715"},"modified":"2022-01-04T20:01:53","modified_gmt":"2022-01-04T19:01:53","slug":"aas","status":"publish","type":"page","link":"https:\/\/www.rigbycapital.com\/fr\/solutions\/solutions\/aas\/","title":{"rendered":"As A Service"},"content":{"rendered":"","protected":false},"excerpt":{"rendered":"","protected":false},"author":1,"featured_media":0,"parent":664,"menu_order":0,"comment_status":"closed","ping_status":"closed","template":"","meta":{"_acf_changed":false,"_seopress_robots_primary_cat":"","_seopress_titles_title":"Rigby Capital vous propose des offres as a services et sans contrainte","_seopress_titles_desc":"Payez la redevance par poste ou par utilisateur pour g\u00e9rer l&#039;int\u00e9gralit\u00e9 du cycle de vie de vos actifs qui varie en fonction de l&#039;\u00e9volution de votre parc","_seopress_robots_index":"","inline_featured_image":false,"footnotes":""},"class_list":["post-715","page","type-page","status-publish","hentry"],"acf":[],"_links":{"self":[{"href":"https:\/\/www.rigbycapital.com\/fr\/wp-json\/wp\/v2\/pages\/715","targetHints":{"allow":["GET"]}}],"collection":[{"href":"https:\/\/www.rigbycapital.com\/fr\/wp-json\/wp\/v2\/pages"}],"about":[{"href":"https:\/\/www.rigbycapital.com\/fr\/wp-json\/wp\/v2\/types\/page"}],"author":[{"embeddable":true,"href":"https:\/\/www.rigbycapital.com\/fr\/wp-json\/wp\/v2\/users\/1"}],"replies":[{"embeddable":true,"href":"https:\/\/www.rigbycapital.com\/fr\/wp-json\/wp\/v2\/comments?post=715"}],"version-history":[{"count":0,"href":"https:\/\/www.rigbycapital.com\/fr\/wp-json\/wp\/v2\/pages\/715\/revisions"}],"up":[{"embeddable":true,"href":"https:\/\/www.rigbycapital.com\/fr\/wp-json\/wp\/v2\/pages\/664"}],"wp:attachment":[{"href":"https:\/\/www.rigbycapital.com\/fr\/wp-json\/wp\/v2\/media?parent=715"}],"curies":[{"name":"wp","href":"https:\/\/api.w.org\/{rel}","templated":true}]}}